{"id":3,"date":"2024-03-06T12:57:17","date_gmt":"2024-03-06T11:57:17","guid":{"rendered":"https:\/\/arm-design.si\/projekti\/tadej\/lea-ptuj\/?page_id=3"},"modified":"2026-01-12T11:13:06","modified_gmt":"2026-01-12T10:13:06","slug":"pravilnik-o-zasebnosti","status":"publish","type":"page","link":"https:\/\/www.lea-ptuj.si\/en\/pravilnik-o-zasebnosti\/","title":{"rendered":"Pravilnik o zasebnosti"},"content":{"rendered":"<h2 class=\"wp-block-heading\">Pravilnik o zasebnosti<\/h2>\n\n\n\n<p>Namen politike zasebnosti je seznaniti posameznike, stranke, uporabnike izdelkov ali storitev, sodelavce, zaposlene ter druge osebe (v nadaljevanju: \u00bbposameznik\u00ab), ki sodelujejo z Lokalno energetsko agenturo Spodnje Podravje (v nadaljevanju: \u00bbLEA Spodnje Podravje\u00ab), o namenih, pravnih podlagah, varnostnih ukrepih in pravicah posameznikov glede obdelave osebnih podatkov, ki jih izvaja podjetje.<\/p>\n\n\n\n<p><br><strong>Cenimo va\u0161o zasebnost, zato va\u0161e podatke vedno skrbno varujemo.&nbsp;<\/strong><\/p>\n\n\n\n<p>Osebne podatke obdelujemo v skladu z veljavno zakonodajo s podro\u010dja varstva osebnih podatkov in drugo zakonodajo, ki nam daje pravno podlago za obdelavo osebnih podatkov.<\/p>\n\n\n\n<p>Vsaka sprememba tega dokumenta bo objavljena na na\u0161i spletni strani. Z uporabo spletne strani potrjujete, da ste seznanjeni s celotno vsebino politike zasebnosti.<\/p>\n\n\n\n<p><strong>Upravljavec osebnih podatkov:<\/strong><\/p>\n\n\n\n<p>LEA Lower Podravje<br>Pre\u0161ernova ulica 18<br>SI-2250 PTUJ&nbsp;<br>e-po\u0161ta: info@leaptuj<br>telefon: 02 778 33 00<br>Spletna stran: https:\/\/www.lea-ptuj.si\/<\/p>\n\n\n\n<h2 class=\"wp-block-heading\"><strong>1) Osebni podatki<\/strong><\/h2>\n\n\n\n<p>Osebni podatek pomeni katero koli informacijo v zvezi z dolo\u010denim ali dolo\u010dljivim posameznikom; dolo\u010dljivi posameznik je tisti, ki ga je mogo\u010de neposredno ali posredno dolo\u010diti, zlasti z navedbo identifikatorja, kot so: ime, identifikacijska \u0161tevilka, podatki o lokaciji, spletni identifikator ali&nbsp; navedba enega ali ve\u010d dejavnikov, ki so zna\u010dilni za fizi\u010dno, fiziolo\u0161ko, genetsko, du\u0161evno, gospodarsko, kulturno ali dru\u017ebeno identiteto tega posameznika.<\/p>\n\n\n\n<h2 class=\"wp-block-heading\"><strong>2) Nameni obdelave in podlage za obdelavo podatkov<\/strong><\/h2>\n\n\n\n<p>LEA Spodnje Podravje zbira in obdeluje osebne podatke na naslednjih pravnih podlagah:<\/p>\n\n\n\n<ul class=\"wp-block-list\">\n<li>obdelava je potrebna za izpolnitev&nbsp;<strong>zakonske obveznosti<\/strong>, ki velja za upravljavca;<\/li>\n\n\n\n<li>obdelava je potrebna za&nbsp;<strong>izvajanje pogodbe<\/strong>, katere pogodbena stranka je posameznik, na katerega se nana\u0161ajo osebni podatki, ali za izvajanje ukrepov na zahtevo takega posameznika pred sklenitvijo pogodbe;<\/li>\n\n\n\n<li>obdelava je potrebna zaradi&nbsp;<strong>zakonitih interesov<\/strong>, za katere si prizadeva upravljavec ali tretja oseba;<\/li>\n\n\n\n<li>posameznik, na katerega se nana\u0161ajo osebni podatki, je&nbsp;<strong>privolil&nbsp;<\/strong>v obdelavo svojih&nbsp; osebnih podatkov v enega ali ve\u010d dolo\u010denih namenov;<\/li>\n\n\n\n<li>obdelava je potrebna za&nbsp;<strong>za\u0161\u010dito \u017eivljenjskih interesov<\/strong>&nbsp;posameznika, na katerega se nana\u0161ajo osebni podatki, ali druge fizi\u010dne osebe.&nbsp;<\/li>\n<\/ul>\n\n\n\n<p>LEA Spodnje Podravje lahko na podlagi opravljanja zakonite dejavnosti stranke, kupce in uporabnike svojih&nbsp; storitev na njihov elektronski naslov obve\u0161\u010da o svojih storitvah, dogodkih, izobra\u017eevanjih, ponudbah in drugih vsebinah. Posameznik lahko kadarkoli zahteva prekinitev tovrstnega komuniciranja in obdelave osebnih podatkov ter prekli\u010de prejemanje sporo\u010dil preko povezave za odjavo v prejetem sporo\u010dilu ali posreduje zahtevek po elektronski po\u0161ti ali z redno po\u0161to na naslov podjetja.<\/p>\n\n\n\n<p>Pravni podlagi za obdelavo podatkov sta zakoniti interes in privolitev. Podatki se bodo obdelovali do preklica prejemanja sporo\u010dil oziroma do umika privolitve ali do izpolnitve namena obdelave. Preklic privolitve ne vpliva na zakonitost obdelave na podlagi privolitve pred njenim preklicem.<\/p>\n\n\n\n<h2 class=\"wp-block-heading\">3) <strong>Videonadzor\u00a0<\/strong><\/h2>\n\n\n\n<p>Na podlagi tretjega odstavka 76. \u010dlena Zakona o varstvu osebnih podatkov (Uradni list RS, \u0161t. 163\/2022; ZVOP-2) vas obve\u0161\u010damo, da se na posameznih objektih oziroma obmo\u010djih Lokalna energetska agentura Spodnje Podravje ( v nadaljevanju: LEA Spodnje Podravje) izvaja videonadzor, zato v nadaljevanju objavlja informacije v zvezi z izvajanjem videonadzora.<\/p>\n\n\n\n<p><strong>3.1 Upravljavec video nadzornega sistema in kontaktni podatki upravljavca<\/strong><\/p>\n\n\n\n<ul class=\"wp-block-list\">\n<li>LEA Spodnje Podravje, Pre\u0161ernova ulica 18, 2250 Ptuj<\/li>\n<\/ul>\n\n\n\n<p>Kontaktni podatki:<\/p>\n\n\n\n<ul class=\"wp-block-list\">\n<li>Telefonska \u0161t. 02 778 33 00<\/li>\n\n\n\n<li>Elektronska po\u0161ta: info@lea-ptuj.si<\/li>\n\n\n\n<li>Spletna stran: https:\/\/www.lea-ptuj.si\/<\/li>\n\n\n\n<li>Odgovorna oseba: direktor oz. od direktorja poobla\u0161\u010dena odgovorna oseba.<\/li>\n<\/ul>\n\n\n\n<p><strong>3.2 Namen izvajanja videonadzora<\/strong><\/p>\n\n\n\n<p>Videonadzor se izvaja z namenom:<\/p>\n\n\n\n<ul class=\"wp-block-list\">\n<li>zagotavljanja varovanja in varnosti zaposlenih in obiskovalcev,<\/li>\n\n\n\n<li>zagotavljanje nadzora vstopa ali izstopa v ali iz prostorov podjetja ter<\/li>\n\n\n\n<li>varovanje premo\u017eenja pred tatvino, vlomom, vandalizmom, uni\u010denjem, po\u0161kodovanjem.<\/li>\n<\/ul>\n\n\n\n<p><strong>3.3 Pravna podlaga izvajanja videonadzora<\/strong><\/p>\n\n\n\n<p>LEA Spodnje Podravje obdeluje osebne podatke pridobljene na podlagi videonadzora na podlagi Zakona o varstvu osebnih podatkov (ZVOP-2) za namene zagotavljanja varovanja oseb in premo\u017eenja. Osebne podatke obdelujemo zgolj v okviru zakonitih pravnih podlag in izbranih namenov, in zagotavljamo, da jih ne bomo posredovali, posodili ali prodali tretjim osebam brez ustrezne zakonske podlage oz. predhodnega obvestila in va\u0161ega soglasja. LEA Spodnje Podravje osebnih podatkov ne prena\u0161a oz. ne posreduje v dr\u017eave zunaj EGP \/ EU.<\/p>\n\n\n\n<p><strong>3.4 Informacije v zvezi z izvajanjem videonadzora<\/strong><\/p>\n\n\n\n<p>Videonadzor se izvaja na obmo\u010djih, kjer je to potrebno skladno z namenom videonadzora. Lokacije, kjer se izvaja videonadzor, so ustrezno ozna\u010dene z obvestilom o videonadzoru.<\/p>\n\n\n\n<p>Zbirka posnetkov videonadzora vsebuje: <\/p>\n\n\n\n<ul class=\"wp-block-list\">\n<li>posnetek posameznika (slika),<\/li>\n\n\n\n<li>kraj posnetka,<\/li>\n\n\n\n<li>datum in \u010das posnetka,<\/li>\n\n\n\n<li> \u010das vstopa in izstopa oz. gibanja v nadzorovanem obmo\u010dju.<\/li>\n<\/ul>\n\n\n\n<p><strong>3.5 Uporabniki osebnih podatkov<\/strong><\/p>\n\n\n\n<p>Dostop do uporabnikov osebnih podatkov, ki se obdelujejo na podlagi videonadzora, imajo direktor podjetja in s strani direktorja poobla\u0161\u010dene osebe. Va\u0161i osebni podatki se lahko posredujejo tudi tretjim osebam (npr. pristojnim dr\u017eavnim organom), \u010de nam tak\u0161no obveznost posredovanja oz. razkritja nalaga zakon.<\/p>\n\n\n\n<p><strong>3.6 Hramba posnetka:<\/strong> najve\u010d 30 dni po nastanku, nato se samodejno izbri\u0161ejo.<\/p>\n\n\n\n<p><strong>3.7 Informacije o pravicah posameznikov v zvezi z obdelavo osebnih podatkov<\/strong><\/p>\n\n\n\n<p>Posameznik ima pravico do informiranja (obvestilo, da se izvaja videonadzor je na vidnem mestu), do dostopa do podatkov (seznanitev s posnetkom), pravico do omejitve obdelave in pravico do ugovora.<\/p>\n\n\n\n<p>Posameznik lahko pravice v zvezi z varstvom osebnih podatkov uveljavlja s pisno zahtevo poslano na naslov LEA Spodnje Podravje, Pre\u0161ernova ulica 18, 2250 Ptuj ali na elektronski naslov: <a href=\"mailto:info@lea-ptuj.si\">info@lea-ptuj.si<\/a><\/p>\n\n\n\n<p><strong>3.8 Pravica do vlo\u017eitve prito\u017ebe pri nadzornem organu<\/strong><\/p>\n\n\n\n<p>Posameznik, na katerega se osebni podatki nana\u0161ajo, lahko poda prito\u017ebo pri naslednjem organu:<\/p>\n\n\n\n<p>Informacijski poobla\u0161\u010denec:<\/p>\n\n\n\n<ul class=\"wp-block-list\">\n<li>Dunajska cesta 22, 1000 Ljubljana,  <\/li>\n\n\n\n<li>e-po\u0161ta: <a href=\"mailto:gp.ip@ip-rs.si\">gp.ip@ip-rs.si<\/a><\/li>\n<\/ul>\n\n\n\n<h2 class=\"wp-block-heading\"><strong>4) Izvajanje sklenjene pogodbe<\/strong><\/h2>\n\n\n\n<p>V primerih, ko posameznik z LEA Spodnje Podravje sklene pogodbo, ta predstavlja pravno podlago za obdelavo osebnih podatkov. Osebne podatke sme LEA Spodnje Podravje tako obdelovati za sklenitev in izvajanje pogodbe, kot je npr. prodaja blaga in storitev, priprava ponudbe, sodelovanje v razli\u010dnih programih ipd. \u010ce posameznik osebnih podatkov ne posreduje, LEA Spodnje Podravje ne more skleniti pogodbe, prav tako podjetje ne more izvesti storitve oziroma dostaviti blaga&nbsp; ali drugih produktov v skladu s sklenjeno pogodbo, saj nima potrebnih podatkov za izvedbo. Na tej podlagi LEA Spodnje Podravje obdeluje samo in izklju\u010dno tiste osebne podatke, ki so potrebni za sklenitev in pravilno izvajanje pogodbenih obveznosti.&nbsp;<\/p>\n\n\n\n<p>Pravna podlaga za obdelavo podatkov je pogodba. Rok hrambe je do izpolnitve namena pogodbe oz. do 6 let po prenehanju pogodbe, razen v primerih, ko pride med posameznikom in podjetjem do spora v zvezi s pogodbo. V takem primeru hrani podjetje podatke \u0161e 10 let po pravnomo\u010dnosti sodne odlo\u010dbe, arbitra\u017ee ali sodne poravnave ali, \u010de sodnega spora ni bilo, 5 let od dneva mirne razre\u0161itve spora.&nbsp;<\/p>\n\n\n\n<h2 class=\"wp-block-heading\"><strong>5) Zakoniti interes<\/strong><\/h2>\n\n\n\n<p>LEA Spodnje Podravje lahko osebne podatke obdeluje tudi na podlagi zakonitega interesa, za katerega si prizadeva. Slednje ni dopustno, kadar nad takimi interesi prevladajo interesi ali temeljne pravice in svobo\u0161\u010dine posameznika, na katerega se nana\u0161ajo osebni podatki, ki zahtevajo varstvo osebnih podatkov. V primeru uporabe zakonitega interesa LEA Spodnje Podravje opravi presojo skladno z zakonodajo. Obdelava osebnih podatkov posameznikov za namene neposrednega tr\u017eenja se \u0161teje za opravljeno v zakonitem interesu.&nbsp;<\/p>\n\n\n\n<p>LEA Spodnje Podravje lahko obdeluje osebne podatke posameznikov, ki jih je zbralo iz javno dostopnih virov ali v okviru zakonitega opravljanja dejavnosti, tudi za namene ponujanja blaga, storitev, zaposlitev, obve\u0161\u010danja o ugodnostih, dogodkih ipd. Za dosego teh namenov lahko LEA Spodnje Podravje uporablja navadno po\u0161to, telefonske klice, elektronsko po\u0161to in druga telekomunikacijska sredstva. Za namene neposrednega tr\u017eenja lahko podjetje obdeluje naslednje osebne podatke posameznikov: ime in priimek posameznika, naslov stalnega ali za\u010dasnega prebivali\u0161\u010da, telefonsko \u0161tevilko in naslov elektronske po\u0161te. Navedene osebne podatke lahko za namene neposrednega tr\u017eenja LEA Spodnje Podravje obdeluje tudi brez izrecne privolitve posameznika. Posameznik lahko kadarkoli zahteva prekinitev tovrstnega komuniciranja in obdelave osebnih podatkov ter prekli\u010de prejemanje sporo\u010dil preko povezave za odjavo v prejetem sporo\u010dilu ali posreduje zahtevek po elektronski po\u0161ti ali z redno po\u0161to na naslov podjetja.<\/p>\n\n\n\n<p>Pravna podlagi za obdelavo podatkov je zakoniti interes. Podatki se bodo obdelovali do preklica prejemanja sporo\u010dil, oziroma do izpolnitve namena obdelave. Preklic ne vpliva na zakonitost obdelave na podlagi privolitve pred njenim preklicem.<\/p>\n\n\n\n<h2 class=\"wp-block-heading\"><strong>6) Obdelava na podlagi privolitve oz. soglasja<\/strong><\/h2>\n\n\n\n<p>\u010ce LEA Spodnje Podravje nima pravne podlage izkazane na osnovi zakona, pogodbene obveznosti, zakonitega interesa ali za\u0161\u010dite \u017eivljenja posameznika, sme posameznika zaprositi za privolitev oz. soglasje. Tako lahko obdeluje dolo\u010dene osebne podatke posameznika tudi za naslednje namene, kadar posameznik poda za to soglasje:<\/p>\n\n\n\n<ul class=\"wp-block-list\">\n<li>naslov prebivali\u0161\u010da in naslov elektronske po\u0161te (za namene obve\u0161\u010danja in komunikacije);<\/li>\n\n\n\n<li>fotografije, videoposnetki in druge vsebine, ki se nana\u0161ajo na posameznika (npr. objava slik posameznikov na spletni strani za namene dokumentiranja aktivnosti in obve\u0161\u010danja javnosti o delu in dogodkih podjetja;<\/li>\n\n\n\n<li>druge namene, za katere se posameznik strinja s privolitvijo.<\/li>\n<\/ul>\n\n\n\n<p>\u010ce posameznik poda soglasje za obdelavo osebnih podatkov in v nekem trenutku tega ve\u010d ne \u017eeli, lahko zahteva prekinitev obdelave osebnih podatkov z zahtevkom po elektronski po\u0161ti ali z redno po\u0161to na naslov podjetja. Preklic privolitve ne vpliva na zakonitost obdelave na podlagi privolitve pred njenim preklicem. Po prejemu preklica ali zahteve za izbris se podatki izbri\u0161ejo najkasneje v 15 dneh. LEA Spodnje Podravje lahko te podatke izbri\u0161e tudi pred preklicem, kadar je bil dose\u017een namen obdelave osebnih podatkov ali \u010de tako dolo\u010da zakon.<\/p>\n\n\n\n<p>Izjemoma lahko LEA Spodnje Podravje zavrne zahtevo za izbris iz razlogov iz Splo\u0161ne uredbe v primerih uresni\u010devanja pravice do svobode izra\u017eanja in obve\u0161\u010danja, izpolnjevanja pravne obveznosti obdelave, razlogov javnega interesa na podro\u010dju javnega zdravja, namenov arhiviranja v javnem interesu, znanstveno- ali zgodovinsko raziskovalnih namenov, statisti\u010dnih namenov, izvajanja ali obrambe pravnih zahtevkov.&nbsp;<\/p>\n\n\n\n<p>Pravna podlaga za obdelavo podatkov je privolitev. Podatki se bodo obdelovali do preklica oziroma do umika privolitve oziroma do izpolnitve namena obdelave. Preklic privolitve ne vpliva na zakonitost obdelave na podlagi privolitve pred njenim preklicem.<\/p>\n\n\n\n<h2 class=\"wp-block-heading\"><strong>7) Za\u0161\u010dita \u017eivljenjskih interesov posameznika<\/strong><\/h2>\n\n\n\n<p>LEA Spodnje Podravje lahko obdeluje osebne podatke posameznika, na katerega se nana\u0161ajo osebni podatki, v kolikor je to nujno za za\u0161\u010dito njegovih \u017eivljenjskih interesov. V nujnih primerih lahko podjetje poi\u0161\u010de osebni dokument posameznika, preveri, ali ta oseba obstaja v njegovi zbirki podatkov, preu\u010di njegovo anamnezo ali nave\u017ee stik z njegovimi svojci, za kar LEA Spodnje Podravje ne potrebuje posameznikove privolitve. Navedeno velja v primeru, ko je to nujno potrebno za za\u0161\u010dito \u017eivljenjskih interesov posameznika.<\/p>\n\n\n\n<h2 class=\"wp-block-heading\"><strong>8) Hramba in izbris osebnih podatkov<\/strong><\/h2>\n\n\n\n<p>LEA Spodnje Podravje bo hranila osebne podatke le toliko \u010dasa, dokler bo to potrebno za uresni\u010ditev namena, zaradi katerega so bili osebni podatki zbrani in obdelovani. V kolikor LEA Spodnje Podravje podatke obdeluje na podlagi zakona, jih bo hranilo za obdobje, ki ga predpisuje zakon. Pri tem se nekateri podatki hranijo v&nbsp; \u010dasu sodelovanja s podjetjem, nekatere podatke pa je treba hraniti trajno. Osebne podatke, ki jih LEA Spodnje Podravje obdeluje na osnovi pogodbenega odnosa s posameznikom, podjetje hrani za obdobje, ki je potrebno za izvr\u0161itev pogodbe in \u0161e 6 let po njenem prenehanju, razen v primerih, ko pride med posameznikom in podjetjem do spora v zvezi s pogodbo. V takem primeru hrani LEA Spodnje Podravje podatke \u0161e 10 let po pravnomo\u010dnosti sodne odlo\u010dbe, arbitra\u017ee ali sodne poravnave ali, \u010de sodnega spora ni bilo, 5 let od dneva mirne razre\u0161itve spora. Tiste osebne podatke, ki jih LEA Spodnje Podravje obdeluje na podlagi osebne privolite posameznika ali zakonitega interesa, bo LEA Spodnje Podravje hranila do preklica privolitve ali do zahteve za&nbsp; izbris podatkov. Po prejemu preklica ali zahteve za izbris se podatki izbri\u0161ejo brez nepotrebnega odla\u0161anja. LEA Spodnje Podravje lahko te podatke izbri\u0161e tudi pred preklicem, kadar je bil dose\u017een namen obdelave osebnih podatkov ali \u010de tako dolo\u010da zakon. V primeru uveljavljanja pravic posameznika podjetje hrani osebne podatke tega posameznika, dokler o zadevi ni pravnomo\u010dno odlo\u010deno, po pravnomo\u010dnosti pa skladno s pravnomo\u010dno odlo\u010ditvijo v zadevi.<\/p>\n\n\n\n<p><br>Izjemoma lahko LEA Spodnje Podravje zavrne zahtevo za izbris iz razlogov, kot so: uresni\u010devanje pravice do svobode izra\u017eanja in obve\u0161\u010danja, izpolnjevanje pravne obveznosti obdelave, razlogi javnega interesa na podro\u010dju javnega zdravja, nameni arhiviranja v javnem interesu, znanstveno- ali zgodovinsko raziskovalni nameni ali statisti\u010dni nameni, izvajanje ali obramba pravnih zahtevkov. Po preteku obdobja hrambe mora LEA Spodnje Podravje osebne podatke u\u010dinkovito in trajno izbrisati ali anonimizirati, tako da jih ni ve\u010d mogo\u010de povezati z dolo\u010denim posameznikom.<\/p>\n\n\n\n<h2 class=\"wp-block-heading\"><strong>9) Pogodbena obdelava osebnih podatkov in iznos podatkov<\/strong><\/h2>\n\n\n\n<p>LEA Spodnje Podravje lahko posamezne obdelave osebnih podatkov na osnovi pogodbe o pogodbeni obdelavi zaupa pogodbenemu obdelovalcu. Pogodbeni obdelovalci lahko zaupane podatke obdelujejo izklju\u010dno v imenu upravljavca, v mejah njegovega pooblastila, ki je zapisano v pisni pogodbi oziroma drugem pravnem aktu in skladno z nameni, ki so opredeljeni v tej politiki zasebnosti.<\/p>\n\n\n\n<p>Pogodbeni obdelovalci, s katerimi sodeluje podjetje, so predvsem:<\/p>\n\n\n\n<ul class=\"wp-block-list\">\n<li>revizorske storitve in drugi ponudniki pravnega ter poslovnega svetovanja;<\/li>\n\n\n\n<li>vzdr\u017eevalci informacijskih sistemov;<\/li>\n\n\n\n<li>ponudniki e-po\u0161tnih storitev in ponudniki programske opreme, storitev v oblaku (Microsoft, Google).<\/li>\n<\/ul>\n\n\n\n<p>LEA Spodnje Podravje v nobenem primeru ne bo posredovalo osebnih podatkov posameznika tretjim nepoobla\u0161\u010denim osebam. Pogodbeni obdelovalci smejo osebne podatke obdelovati zgolj v okviru navodil podjetja in osebnih podatkov ne smejo uporabiti za katerekoli druge namene.<\/p>\n\n\n\n<p>LEA Spodnje Podravje kot upravljavec in njegovi&nbsp; zaposleni osebnih podatkov ne izna\u0161ajo v tretje dr\u017eave (izven dr\u017eav \u010dlanic Evropskega gospodarskega prostora \u2013 \u010dlanice EU ter Islandija, Norve\u0161ka in Liechtenstein) in v mednarodne organizacije.&nbsp;<\/p>\n\n\n\n<h2 class=\"wp-block-heading\" id=\"piskotki\"><strong>10) Pi\u0161kotki<\/strong><\/h2>\n\n\n\n<p>Spletna stran agenture deluje s pomo\u010djo t.i. pi\u0161kotkov (angl. cookies), ki so pomembni za zagotavljanje spletnih storitev, uporabljajo pa se za shranjevanje podatkov o stanju posamezne spletne strani, za pomo\u010d pri zbiranju statistik o uporabnikih in obiskanosti spletnega mesta itd. Ob vstopu na spletno stran se na napravo nalo\u017eijo samo tisti pi\u0161kotki, ki so nujno potrebni za delovanje spletne strani (npr. za nakupovalno ko\u0161arico). Ostali pi\u0161kotki se bodo nalo\u017eili samo s posameznikovo privolitvijo. Nastavitve lahko posameznik kadarkoli spremeni in pi\u0161kotke izbri\u0161e (navodila se nahajajo na spletnih straneh posameznega brskalnika).<\/p>\n\n\n\n<h2 class=\"wp-block-heading\" id=\"varovanje\"><strong>11) Varovanje podatkov in to\u010dnost podatkov<\/strong><\/h2>\n\n\n\n<p>LEA Spodnje Podravje skrbi za informacijsko varnost in varnost infrastrukture (prostorov in aplikativno sistemske programske opreme). Na\u0161i informacijski sistemi so med drugim za\u0161\u010diteni s protivirusnimi programi in po\u017earnim zidom. Uvedli smo ustrezne organizacijsko-tehni\u010dne varnostne ukrepe, namenjene varstvu osebnih podatkov pred naklju\u010dnim ali nezakonitim uni\u010denjem, izgubo, spreminjanjem, nepoobla\u0161\u010denim razkrivanjem ali dostopom ter pred drugimi nezakonitimi in nepoobla\u0161\u010denimi oblikami obdelave. V primeru posredovanja posebnih vrst osebnih podatkov, jih posredujemo v \u0161ifrirani obliki in za\u0161\u010ditene z geslom. Posameznik je sam odgovoren, da svoje osebne podatke posreduje varno in da so posredovani podatki to\u010dni in verodostojni.<\/p>\n\n\n\n<h2 class=\"wp-block-heading\"><strong>12) Pravice posameznika glede obdelave podatkov<\/strong><\/h2>\n\n\n\n<p>Posameznik, na katerega se nana\u0161ajo osebni podatki, ima pravico zahtevati dostop do osebnih podatkov in popravek ali izbris osebnih podatkov ali omejitev obdelave v zvezi z njim ter pravico do ugovora obdelavi in pravico do prenosljivosti podatkov. Zahteva posameznika se obravnava skladno z dolo\u010dbami Splo\u0161ne uredbe in veljavne zakonodaje varstva osebnih podatkov.<\/p>\n\n\n\n<p>Vse navedene pravice in vsa vpra\u0161anja lahko posameznik uveljavlja z zahtevkom, poslanim na naslov agenture. Na zahtevek posameznika bo podjetje odgovorilo brez nepotrebnega odla\u0161anja, najkasneje v enem mesecu po prejemu zahteve. Ta rok se lahko ob upo\u0161tevanju kompleksnosti in \u0161tevila zahtev podalj\u0161a za najve\u010d dva dodatna meseca, o \u010demer bo posameznik obve\u0161\u010den, skupaj z razlogi za zamudo. Uveljavljanje pravic je za posameznika brezpla\u010dno, vendar pa lahko podjetje zara\u010duna razumno pla\u010dilo, \u010de je zahteva o\u010ditno neutemeljena ali pretirana, zlasti, \u010de se ponavlja. V tak\u0161nem primeru lahko podjetje zahtevo tudi zavrne. V primeru dvoma o identiteti posameznika se lahko zahteva dodatne informacije, ki jih LEA Spodnje Podravje potrebuje za ugotovitev identitete.<\/p>\n\n\n\n<p>LEA Spodnje Podravje bo v odlo\u010ditvi o zahtevi posameznika seznanilo tudi z razlogi odlo\u010ditve in informacijo o&nbsp; pravici do prito\u017ebe pri nadzornem organu v roku 15 dni od seznanitve z odlo\u010ditvijo. Pravico do vlo\u017eitve prito\u017ebe pri nadzornem organu lahko posameznik uveljavlja pri: Informacijskemu poobla\u0161\u010dencu RS na naslovu: Dunajska 22, 1000 Ljubljana( e-naslov: gp.ip@ip-rs.si, spletna stran: www.ip-rs.si).&nbsp;<\/p>\n\n\n\n<p><\/p>","protected":false},"excerpt":{"rendered":"<p>Pravilnik o zasebnosti Namen politike zasebnosti je seznaniti posameznike, stranke, uporabnike izdelkov ali storitev, sodelavce, zaposlene ter druge osebe (v nadaljevanju: \u00bbposameznik\u00ab), ki sodelujejo z Lokalno energetsko agenturo Spodnje Podravje (v nadaljevanju: \u00bbLEA Spodnje Podravje\u00ab), o namenih, pravnih podlagah, varnostnih ukrepih in pravicah posameznikov glede obdelave osebnih podatkov, ki jih izvaja podjetje. Cenimo va\u0161o zasebnost, [&hellip;]<\/p>","protected":false},"author":1,"featured_media":0,"parent":0,"menu_order":0,"comment_status":"closed","ping_status":"closed","template":"","meta":{"_acf_changed":false,"footnotes":""},"class_list":["post-3","page","type-page","status-publish","hentry"],"acf":[],"mb":[],"mfb_rest_fields":["title"],"_links":{"self":[{"href":"https:\/\/www.lea-ptuj.si\/en\/wp-json\/wp\/v2\/pages\/3","targetHints":{"allow":["GET"]}}],"collection":[{"href":"https:\/\/www.lea-ptuj.si\/en\/wp-json\/wp\/v2\/pages"}],"about":[{"href":"https:\/\/www.lea-ptuj.si\/en\/wp-json\/wp\/v2\/types\/page"}],"author":[{"embeddable":true,"href":"https:\/\/www.lea-ptuj.si\/en\/wp-json\/wp\/v2\/users\/1"}],"replies":[{"embeddable":true,"href":"https:\/\/www.lea-ptuj.si\/en\/wp-json\/wp\/v2\/comments?post=3"}],"version-history":[{"count":7,"href":"https:\/\/www.lea-ptuj.si\/en\/wp-json\/wp\/v2\/pages\/3\/revisions"}],"predecessor-version":[{"id":3153,"href":"https:\/\/www.lea-ptuj.si\/en\/wp-json\/wp\/v2\/pages\/3\/revisions\/3153"}],"wp:attachment":[{"href":"https:\/\/www.lea-ptuj.si\/en\/wp-json\/wp\/v2\/media?parent=3"}],"curies":[{"name":"wp","href":"https:\/\/api.w.org\/{rel}","templated":true}]}}